{"id":57,"date":"2019-12-02T23:56:09","date_gmt":"2019-12-02T23:56:09","guid":{"rendered":"http:\/\/merinodohne.com\/?page_id=57"},"modified":"2021-03-10T02:38:39","modified_gmt":"2021-03-10T02:38:39","slug":"quienes-somos","status":"publish","type":"page","link":"https:\/\/merinodohne.com\/?page_id=57","title":{"rendered":"Quienes Somos"},"content":{"rendered":"\n<p>Nambi Guasu es un emprendimiento familiar integrado por el Dr. Roberto Quadrelli, la Dra. Carolina Vi\u00f1oles, Andrea Quadrelli y Pablo Costabel. <\/p>\n\n\n\n<p>La pasi\u00f3n por el ovino y la convicci\u00f3n de que el Merino Dohne es la raza que genera mayor ingreso a las empresas ganaderas nos estimul\u00f3 a invertir tiempo y dinero en esta actividad. Somos un equipo que ha logrado una excelente complementariedad entre sus miembros. Roberto aporta sus conocimientos en sanidad y manejo; Carolina en los aspectos reproductivos; Andrea en la organizaci\u00f3n de eventos y Pablo en el uso de nuevas tecnolog\u00edas. Por nuestra din\u00e1mica fusi\u00f3n fuimos bautizados como \u00abel Cuarteto\u00bb por los compa\u00f1eros del Grupo Minas, siendo ahora un Quinteto con el nacimiento de Sof\u00eda en el 2016! <\/p>\n\n\n\n<div class=\"wp-block-image\"><figure class=\"aligncenter size-large is-resized\"><img fetchpriority=\"high\" decoding=\"async\" src=\"http:\/\/merinodohne.com\/wp-content\/uploads\/2020\/06\/IMG_0300-1024x767.jpg\" alt=\"\" class=\"wp-image-230\" width=\"686\" height=\"513\" srcset=\"https:\/\/merinodohne.com\/wp-content\/uploads\/2020\/06\/IMG_0300-1024x767.jpg 1024w, https:\/\/merinodohne.com\/wp-content\/uploads\/2020\/06\/IMG_0300-300x225.jpg 300w, https:\/\/merinodohne.com\/wp-content\/uploads\/2020\/06\/IMG_0300-768x575.jpg 768w, https:\/\/merinodohne.com\/wp-content\/uploads\/2020\/06\/IMG_0300.jpg 1280w\" sizes=\"(max-width: 686px) 100vw, 686px\" \/><figcaption>Pablo Costabel. Andrea Quadrelli. Carolina Vi\u00f1oles. Roberto y Sof\u00eda Quadrelli.<\/figcaption><\/figure><\/div>\n\n\n\n<p>El nombre de la caba\u00f1a\u00a0<strong>Nambi Guasu<\/strong> reconoce la toponimia guaran\u00ed presente en muchas palabras referidas a personas, lugares y geograf\u00edas de nuestra regi\u00f3n rural. Tambi\u00e9n destaca una de las caracter\u00edsticas fenot\u00edpicas de la raza Dohne: las orejas grandes. <\/p>\n\n\n\n<div class=\"wp-block-image\"><figure class=\"aligncenter size-large\"><img decoding=\"async\" width=\"1024\" height=\"832\" src=\"http:\/\/merinodohne.com\/wp-content\/uploads\/2019\/12\/Misi\u00f3n-y-visi\u00f3n-por-la-oveja-con-Roberto-1024x832.jpg\" alt=\"\" class=\"wp-image-65\" srcset=\"https:\/\/merinodohne.com\/wp-content\/uploads\/2019\/12\/Misi\u00f3n-y-visi\u00f3n-por-la-oveja-con-Roberto-1024x832.jpg 1024w, https:\/\/merinodohne.com\/wp-content\/uploads\/2019\/12\/Misi\u00f3n-y-visi\u00f3n-por-la-oveja-con-Roberto-300x244.jpg 300w, https:\/\/merinodohne.com\/wp-content\/uploads\/2019\/12\/Misi\u00f3n-y-visi\u00f3n-por-la-oveja-con-Roberto-768x624.jpg 768w, https:\/\/merinodohne.com\/wp-content\/uploads\/2019\/12\/Misi\u00f3n-y-visi\u00f3n-por-la-oveja-con-Roberto-1536x1248.jpg 1536w, https:\/\/merinodohne.com\/wp-content\/uploads\/2019\/12\/Misi\u00f3n-y-visi\u00f3n-por-la-oveja-con-Roberto-2048x1665.jpg 2048w\" sizes=\"(max-width: 767px) 89vw, (max-width: 1000px) 54vw, (max-width: 1071px) 543px, 580px\" \/><figcaption>Foto Nambi Guasu.<\/figcaption><\/figure><\/div>\n\n\n\n<p><strong>Misi\u00f3n<\/strong><\/p>\n\n\n\n<p>Generar un biotipo racial con un adecuado equilibrio en la producci\u00f3n de lana fina y carne, adaptando las necesidades de los productores a las exigencias de los mercados.<\/p>\n\n\n\n<p>Lograr un ovino de cuidado f\u00e1cil que permita aumentar el ingreso econ\u00f3mico de las empresas agropecuarias.<\/p>\n\n\n\n<p><strong>Visi\u00f3n<\/strong><\/p>\n\n\n\n<p>Ser una empresa reconocida a nivel nacional y regional por la calidad de sus productos, obtenidos aplicando procesos innovadores por un equipo humano de destacado nivel profesional y \u00e9tico.<\/p>\n\n\n\n<div class=\"wp-block-image\"><figure class=\"aligncenter size-large is-resized\"><img decoding=\"async\" src=\"http:\/\/merinodohne.com\/wp-content\/uploads\/2020\/06\/Sofia-1024x737.jpeg\" alt=\"\" class=\"wp-image-305\" width=\"684\" height=\"492\" srcset=\"https:\/\/merinodohne.com\/wp-content\/uploads\/2020\/06\/Sofia-1024x737.jpeg 1024w, https:\/\/merinodohne.com\/wp-content\/uploads\/2020\/06\/Sofia-300x216.jpeg 300w, https:\/\/merinodohne.com\/wp-content\/uploads\/2020\/06\/Sofia-768x553.jpeg 768w, https:\/\/merinodohne.com\/wp-content\/uploads\/2020\/06\/Sofia-1536x1106.jpeg 1536w, https:\/\/merinodohne.com\/wp-content\/uploads\/2020\/06\/Sofia.jpeg 1600w\" sizes=\"(max-width: 684px) 100vw, 684px\" \/><figcaption>Sof\u00eda Quadrelli.<\/figcaption><\/figure><\/div>\n\n\n\n<p><strong>Objetivos<\/strong><\/p>\n\n\n\n<p>Producir material gen\u00e9tico de primera calidad, con datos objetivos que permitan a los productores elegir las opciones que mejor se adapten a su objetivo productivo.<\/p>\n\n\n\n<p>Generar un biotipo Dohne que produzca lana y carne en cantidad y calidad para la obtenci\u00f3n de un valor diferencial en el mercado.<\/p>\n\n\n\n<p>Seleccionar animales altamente adaptados a las condiciones clim\u00e1ticas y nutritivas imperantes en los sistemas de producci\u00f3n pastoriles.<\/p>\n\n\n\n<h2 class=\"has-text-align-center wp-block-heading\"><strong>Nambi Guasu en Gira Dohne Internacional, 2018<\/strong><\/h2>\n\n\n\n<figure class=\"wp-block-embed is-type-video is-provider-youtube wp-block-embed-youtube wp-embed-aspect-16-9 wp-has-aspect-ratio\"><div class=\"wp-block-embed__wrapper\">\n<iframe title=\"Presentaci\u00f3n Nambi Guasu en Gira Dohne Internacional 2018\" width=\"525\" height=\"295\" src=\"https:\/\/www.youtube.com\/embed\/cffP529qxrU?feature=oembed\" frameborder=\"0\" allow=\"accelerometer; autoplay; clipboard-write; encrypted-media; gyroscope; picture-in-picture; web-share\" referrerpolicy=\"strict-origin-when-cross-origin\" allowfullscreen><\/iframe>\n<\/div><\/figure>\n","protected":false},"excerpt":{"rendered":"<p>Nambi Guasu es un emprendimiento familiar integrado por el Dr. Roberto Quadrelli, la Dra. Carolina Vi\u00f1oles, Andrea Quadrelli y Pablo Costabel. La pasi\u00f3n por el ovino y la convicci\u00f3n de que el Merino Dohne es la raza que genera mayor ingreso a las empresas ganaderas nos estimul\u00f3 a invertir tiempo y dinero en esta actividad. &hellip; <\/p>\n<p class=\"link-more\"><a href=\"https:\/\/merinodohne.com\/?page_id=57\" class=\"more-link\">Continuar leyendo<span class=\"screen-reader-text\"> \u00abQuienes Somos\u00bb<\/span><\/a><\/p>\n","protected":false},"author":1,"featured_media":0,"parent":0,"menu_order":0,"comment_status":"closed","ping_status":"closed","template":"","meta":{"footnotes":""},"class_list":["post-57","page","type-page","status-publish","hentry"],"_links":{"self":[{"href":"https:\/\/merinodohne.com\/index.php?rest_route=\/wp\/v2\/pages\/57","targetHints":{"allow":["GET"]}}],"collection":[{"href":"https:\/\/merinodohne.com\/index.php?rest_route=\/wp\/v2\/pages"}],"about":[{"href":"https:\/\/merinodohne.com\/index.php?rest_route=\/wp\/v2\/types\/page"}],"author":[{"embeddable":true,"href":"https:\/\/merinodohne.com\/index.php?rest_route=\/wp\/v2\/users\/1"}],"replies":[{"embeddable":true,"href":"https:\/\/merinodohne.com\/index.php?rest_route=%2Fwp%2Fv2%2Fcomments&post=57"}],"version-history":[{"count":22,"href":"https:\/\/merinodohne.com\/index.php?rest_route=\/wp\/v2\/pages\/57\/revisions"}],"predecessor-version":[{"id":471,"href":"https:\/\/merinodohne.com\/index.php?rest_route=\/wp\/v2\/pages\/57\/revisions\/471"}],"wp:attachment":[{"href":"https:\/\/merinodohne.com\/index.php?rest_route=%2Fwp%2Fv2%2Fmedia&parent=57"}],"curies":[{"name":"wp","href":"https:\/\/api.w.org\/{rel}","templated":true}]}}